{"id":1945,"date":"2020-09-28T20:58:51","date_gmt":"2020-09-28T20:58:51","guid":{"rendered":"http:\/\/www.auvergne-enduro.fr\/?page_id=1945"},"modified":"2021-01-15T12:20:58","modified_gmt":"2021-01-15T12:20:58","slug":"stage-4","status":"publish","type":"page","link":"http:\/\/www.auvergne-enduro.fr\/?page_id=1945","title":{"rendered":"Stage"},"content":{"rendered":"\t\t<div data-elementor-type=\"wp-page\" data-elementor-id=\"1945\" class=\"elementor elementor-1945\" data-elementor-settings=\"[]\">\n\t\t\t\t\t\t<div class=\"elementor-inner\">\n\t\t\t\t\t\t\t<div class=\"elementor-section-wrap\">\n\t\t\t\t\t\t\t<section class=\"elementor-section elementor-top-section elementor-element elementor-element-f1fe638 elementor-section-boxed elementor-section-height-default elementor-section-height-default\" data-id=\"f1fe638\" data-element_type=\"section\">\n\t\t\t\t\t\t<div class=\"elementor-container elementor-column-gap-default\">\n\t\t\t\t\t\t\t<div class=\"elementor-row\">\n\t\t\t\t\t<div class=\"elementor-column elementor-col-100 elementor-top-column elementor-element elementor-element-54a5f07\" data-id=\"54a5f07\" data-element_type=\"column\">\n\t\t\t<div class=\"elementor-column-wrap elementor-element-populated\">\n\t\t\t\t\t\t\t<div class=\"elementor-widget-wrap\">\n\t\t\t\t\t\t<div class=\"elementor-element elementor-element-3d396f3 elementor-position-top elementor-vertical-align-top elementor-widget elementor-widget-image-box\" data-id=\"3d396f3\" data-element_type=\"widget\" data-widget_type=\"image-box.default\">\n\t\t\t\t<div class=\"elementor-widget-container\">\n\t\t\t<div class=\"elementor-image-box-wrapper\"><figure class=\"elementor-image-box-img\"><img width=\"2560\" height=\"2560\" src=\"http:\/\/www.auvergne-enduro.fr\/wp-content\/uploads\/2020\/09\/MG_2122-1-scaled.jpg\" class=\"attachment-full size-full\" alt=\"\" loading=\"lazy\" srcset=\"http:\/\/www.auvergne-enduro.fr\/wp-content\/uploads\/2020\/09\/MG_2122-1-scaled.jpg 2560w, http:\/\/www.auvergne-enduro.fr\/wp-content\/uploads\/2020\/09\/MG_2122-1-300x300.jpg 300w, http:\/\/www.auvergne-enduro.fr\/wp-content\/uploads\/2020\/09\/MG_2122-1-1024x1024.jpg 1024w, http:\/\/www.auvergne-enduro.fr\/wp-content\/uploads\/2020\/09\/MG_2122-1-150x150.jpg 150w, http:\/\/www.auvergne-enduro.fr\/wp-content\/uploads\/2020\/09\/MG_2122-1-1536x1536.jpg 1536w, http:\/\/www.auvergne-enduro.fr\/wp-content\/uploads\/2020\/09\/MG_2122-1-2048x2048.jpg 2048w\" sizes=\"(max-width: 2560px) 100vw, 2560px\" \/><\/figure><div class=\"elementor-image-box-content\"><h3 class=\"elementor-image-box-title\">Mix stage et randonn\u00e9e<\/h3><p class=\"elementor-image-box-description\">Optez pour la formule mixte afin de joindre progression et d\u00e9couverte de l'Auvergne en enduro. <\/p><\/div><\/div>\t\t<\/div>\n\t\t\t\t<\/div>\n\t\t\t\t<div class=\"elementor-element elementor-element-cde5554 elementor-button-info elementor-align-center elementor-widget elementor-widget-button\" data-id=\"cde5554\" data-element_type=\"widget\" data-widget_type=\"button.default\">\n\t\t\t\t<div class=\"elementor-widget-container\">\n\t\t\t\t\t<div class=\"elementor-button-wrapper\">\n\t\t\t<a href=\"http:\/\/www.auvergne-enduro.fr\/?p=1801\" class=\"elementor-button-link elementor-button elementor-size-sm\" role=\"button\">\n\t\t\t\t\t\t<span class=\"elementor-button-content-wrapper\">\n\t\t\t\t\t\t<span class=\"elementor-button-text\">Cliquez ici<\/span>\n\t\t<\/span>\n\t\t\t\t\t<\/a>\n\t\t<\/div>\n\t\t\t\t<\/div>\n\t\t\t\t<\/div>\n\t\t\t\t<div class=\"elementor-element elementor-element-12f1ad8 elementor-position-top elementor-vertical-align-top elementor-widget elementor-widget-image-box\" data-id=\"12f1ad8\" data-element_type=\"widget\" data-widget_type=\"image-box.default\">\n\t\t\t\t<div class=\"elementor-widget-container\">\n\t\t\t<div class=\"elementor-image-box-wrapper\"><figure class=\"elementor-image-box-img\"><img width=\"2560\" height=\"2560\" src=\"http:\/\/www.auvergne-enduro.fr\/wp-content\/uploads\/2020\/09\/4O0A3783-1-scaled.jpg\" class=\"attachment-full size-full\" alt=\"\" loading=\"lazy\" srcset=\"http:\/\/www.auvergne-enduro.fr\/wp-content\/uploads\/2020\/09\/4O0A3783-1-scaled.jpg 2560w, http:\/\/www.auvergne-enduro.fr\/wp-content\/uploads\/2020\/09\/4O0A3783-1-300x300.jpg 300w, http:\/\/www.auvergne-enduro.fr\/wp-content\/uploads\/2020\/09\/4O0A3783-1-1024x1024.jpg 1024w, http:\/\/www.auvergne-enduro.fr\/wp-content\/uploads\/2020\/09\/4O0A3783-1-150x150.jpg 150w, http:\/\/www.auvergne-enduro.fr\/wp-content\/uploads\/2020\/09\/4O0A3783-1-1536x1536.jpg 1536w, http:\/\/www.auvergne-enduro.fr\/wp-content\/uploads\/2020\/09\/4O0A3783-1-2048x2048.jpg 2048w\" sizes=\"(max-width: 2560px) 100vw, 2560px\" \/><\/figure><div class=\"elementor-image-box-content\"><h3 class=\"elementor-image-box-title\">Stage perfectionnement<\/h3><p class=\"elementor-image-box-description\"><span style=\"font-size: 15px; font-style: normal; font-weight: 400;\">Pour pr\u00e9parer un objectif, un stage 100% sur mesure sera cr\u00e9er pour vous pr\u00e9parer aux mieux \u00e0 vos prochaines \u00e9ch\u00e9ances.<\/span><\/p><\/div><\/div>\t\t<\/div>\n\t\t\t\t<\/div>\n\t\t\t\t<div class=\"elementor-element elementor-element-af65e18 elementor-button-info elementor-align-center elementor-widget elementor-widget-button\" data-id=\"af65e18\" data-element_type=\"widget\" data-widget_type=\"button.default\">\n\t\t\t\t<div class=\"elementor-widget-container\">\n\t\t\t\t\t<div class=\"elementor-button-wrapper\">\n\t\t\t<a href=\"http:\/\/www.auvergne-enduro.fr\/?p=1797\" class=\"elementor-button-link elementor-button elementor-size-sm\" role=\"button\">\n\t\t\t\t\t\t<span class=\"elementor-button-content-wrapper\">\n\t\t\t\t\t\t<span class=\"elementor-button-text\">Cliquez ici<\/span>\n\t\t<\/span>\n\t\t\t\t\t<\/a>\n\t\t<\/div>\n\t\t\t\t<\/div>\n\t\t\t\t<\/div>\n\t\t\t\t\t\t<\/div>\n\t\t\t\t\t<\/div>\n\t\t<\/div>\n\t\t\t\t\t\t\t\t<\/div>\n\t\t\t\t\t<\/div>\n\t\t<\/section>\n\t\t\t\t\t\t<\/div>\n\t\t\t\t\t\t<\/div>\n\t\t\t\t\t<\/div>\n\t\t","protected":false},"excerpt":{"rendered":"<p>Mix stage et randonn\u00e9eOptez pour la formule mixte afin de joindre progression et d\u00e9couverte de l&rsquo;Auvergne en enduro. Cliquez ici Stage perfectionnementPour pr\u00e9parer un objectif, un stage 100% sur mesure sera cr\u00e9er pour vous pr\u00e9parer aux mieux \u00e0 vos prochaines \u00e9ch\u00e9ances. Cliquez ici<\/p>\n","protected":false},"author":1,"featured_media":0,"parent":0,"menu_order":0,"comment_status":"closed","ping_status":"closed","template":"","meta":[],"yoast_head":"<!-- This site is optimized with the Yoast SEO plugin v14.9 - https:\/\/yoast.com\/wordpress\/plugins\/seo\/ -->\n<title>Stage - Auvergne Enduro - Stages et randonn\u00e9es moto<\/title>\n<meta name=\"robots\" content=\"index, follow, max-snippet:-1, max-image-preview:large, max-video-preview:-1\" \/>\n<link rel=\"canonical\" href=\"http:\/\/www.auvergne-enduro.fr\/?page_id=1945\" \/>\n<meta property=\"og:locale\" content=\"fr_FR\" \/>\n<meta property=\"og:type\" content=\"article\" \/>\n<meta property=\"og:title\" content=\"Stage - Auvergne Enduro - Stages et randonn\u00e9es moto\" \/>\n<meta property=\"og:description\" content=\"Mix stage et randonn\u00e9eOptez pour la formule mixte afin de joindre progression et d\u00e9couverte de l&#039;Auvergne en enduro. Cliquez ici Stage perfectionnementPour pr\u00e9parer un objectif, un stage 100% sur mesure sera cr\u00e9er pour vous pr\u00e9parer aux mieux \u00e0 vos prochaines \u00e9ch\u00e9ances. Cliquez ici\" \/>\n<meta property=\"og:url\" content=\"http:\/\/www.auvergne-enduro.fr\/?page_id=1945\" \/>\n<meta property=\"og:site_name\" content=\"Auvergne Enduro - Stages et randonn\u00e9es moto\" \/>\n<meta property=\"article:publisher\" content=\"https:\/\/www.facebook.com\/auvergne.enduro\" \/>\n<meta property=\"article:modified_time\" content=\"2021-01-15T12:20:58+00:00\" \/>\n<meta property=\"og:image\" content=\"http:\/\/www.auvergne-enduro.fr\/wp-content\/uploads\/2020\/09\/MG_2122-1-scaled.jpg\" \/>\n<meta name=\"twitter:card\" content=\"summary_large_image\" \/>\n<script type=\"application\/ld+json\" class=\"yoast-schema-graph\">{\"@context\":\"https:\/\/schema.org\",\"@graph\":[{\"@type\":\"Organization\",\"@id\":\"http:\/\/www.auvergne-enduro.fr\/#organization\",\"name\":\"Auvergne Enduro\",\"url\":\"http:\/\/www.auvergne-enduro.fr\/\",\"sameAs\":[\"https:\/\/www.facebook.com\/auvergne.enduro\",\"https:\/\/www.instagram.com\/pierrepallut\/\"],\"logo\":{\"@type\":\"ImageObject\",\"@id\":\"http:\/\/www.auvergne-enduro.fr\/#logo\",\"inLanguage\":\"fr-FR\",\"url\":\"http:\/\/www.auvergne-enduro.fr\/wp-content\/uploads\/2016\/01\/logo_admin.png\",\"width\":323,\"height\":67,\"caption\":\"Auvergne Enduro\"},\"image\":{\"@id\":\"http:\/\/www.auvergne-enduro.fr\/#logo\"}},{\"@type\":\"WebSite\",\"@id\":\"http:\/\/www.auvergne-enduro.fr\/#website\",\"url\":\"http:\/\/www.auvergne-enduro.fr\/\",\"name\":\"Auvergne Enduro - Stages et randonn\\u00e9es moto\",\"description\":\"Stages et randonn\\u00e9es moto\",\"publisher\":{\"@id\":\"http:\/\/www.auvergne-enduro.fr\/#organization\"},\"potentialAction\":[{\"@type\":\"SearchAction\",\"target\":\"http:\/\/www.auvergne-enduro.fr\/?s={search_term_string}\",\"query-input\":\"required name=search_term_string\"}],\"inLanguage\":\"fr-FR\"},{\"@type\":\"ImageObject\",\"@id\":\"http:\/\/www.auvergne-enduro.fr\/?page_id=1945#primaryimage\",\"inLanguage\":\"fr-FR\",\"url\":\"http:\/\/www.auvergne-enduro.fr\/wp-content\/uploads\/2020\/09\/MG_2122-1-scaled.jpg\",\"width\":2560,\"height\":2560},{\"@type\":\"WebPage\",\"@id\":\"http:\/\/www.auvergne-enduro.fr\/?page_id=1945#webpage\",\"url\":\"http:\/\/www.auvergne-enduro.fr\/?page_id=1945\",\"name\":\"Stage - Auvergne Enduro - Stages et randonn\\u00e9es moto\",\"isPartOf\":{\"@id\":\"http:\/\/www.auvergne-enduro.fr\/#website\"},\"primaryImageOfPage\":{\"@id\":\"http:\/\/www.auvergne-enduro.fr\/?page_id=1945#primaryimage\"},\"datePublished\":\"2020-09-28T20:58:51+00:00\",\"dateModified\":\"2021-01-15T12:20:58+00:00\",\"inLanguage\":\"fr-FR\",\"potentialAction\":[{\"@type\":\"ReadAction\",\"target\":[\"http:\/\/www.auvergne-enduro.fr\/?page_id=1945\"]}]}]}<\/script>\n<!-- \/ Yoast SEO plugin. -->","_links":{"self":[{"href":"http:\/\/www.auvergne-enduro.fr\/index.php?rest_route=\/wp\/v2\/pages\/1945"}],"collection":[{"href":"http:\/\/www.auvergne-enduro.fr\/index.php?rest_route=\/wp\/v2\/pages"}],"about":[{"href":"http:\/\/www.auvergne-enduro.fr\/index.php?rest_route=\/wp\/v2\/types\/page"}],"author":[{"embeddable":true,"href":"http:\/\/www.auvergne-enduro.fr\/index.php?rest_route=\/wp\/v2\/users\/1"}],"replies":[{"embeddable":true,"href":"http:\/\/www.auvergne-enduro.fr\/index.php?rest_route=%2Fwp%2Fv2%2Fcomments&post=1945"}],"version-history":[{"count":6,"href":"http:\/\/www.auvergne-enduro.fr\/index.php?rest_route=\/wp\/v2\/pages\/1945\/revisions"}],"predecessor-version":[{"id":1958,"href":"http:\/\/www.auvergne-enduro.fr\/index.php?rest_route=\/wp\/v2\/pages\/1945\/revisions\/1958"}],"wp:attachment":[{"href":"http:\/\/www.auvergne-enduro.fr\/index.php?rest_route=%2Fwp%2Fv2%2Fmedia&parent=1945"}],"curies":[{"name":"wp","href":"https:\/\/api.w.org\/{rel}","templated":true}]}}