{"id":8,"date":"2011-02-20T18:40:49","date_gmt":"2011-02-20T18:40:49","guid":{"rendered":"http:\/\/www.auvergne-enduro.fr\/?page_id=8"},"modified":"2018-04-17T13:08:55","modified_gmt":"2018-04-17T13:08:55","slug":"stages","status":"publish","type":"page","link":"http:\/\/www.auvergne-enduro.fr\/?page_id=8","title":{"rendered":"Stage enduro"},"content":{"rendered":"\t\t <br \/> \r\n<h3>\"Afin de r\u00e9pondre au mieux \u00e0 vos attentes et envies, Auvergne Enduro vous propose deux formules de stages afin de s'adapter au mieux \u00e0 votre besoin\"<\/h3>\r\n\t\r\n\t\t\t <br \/>\r\n\t\t\t\r\n\t\t\r\n\t <br \/>\r\n\t\r\n\r\n<a href=\"http:\/\/www.auvergne-enduro.fr\/?p=732\">\t<img src=\"http:\/\/www.auvergne-enduro.fr\/wp-content\/uploads\/2016\/01\/livradois_post.jpg\" class=\"so-widget-image\" style=\"max-width:100%; height:auto; display:block\" height=\"224\" width=\"290\">\r\n<\/a><h3 class=\"widget-title\">FORMULE MIXTE \u00ab ENDURO\/RANDO \u00bb <\/h3>\t\t\t<p><a href=\"http:\/\/www.auvergne-enduro.fr\/?p=732\"> Il s'agit d'un stage de perfectionnement enduro durant lequel les fondamentaux (position, freinage, descente, prise d'\u00e9lan\u2026) seront revus. Celui-ci sera suivi d'une randonn\u00e9e au pied des premiers monts du Livradois.<\/a><\/p>\r\n<p><u><a href=\"http:\/\/www.auvergne-enduro.fr\/?p=718\">D\u00e9couvrir cette formule<\/a><\/u><\/p>\t\t\t\r\n\t\t <br \/>\r\n <br \/>\r\n\t\r\n\t\r\n\r\n<a href=\"http:\/\/www.auvergne-enduro.fr\/?p=735\">\t<img src=\"http:\/\/www.auvergne-enduro.fr\/wp-content\/uploads\/2016\/01\/livradois_post.jpg\" class=\"so-widget-image\" style=\"max-width:100%; height:auto; display:block\" height=\"224\" width=\"290\">\r\n<\/a><h3 class=\"widget-title\">FORMULE PERFECTIONNEMENT ENDURO<\/h3>\t\t\t<p><a href=\"http:\/\/www.auvergne-enduro.fr\/?p=735\"> Il s'agit ici de parfaire ses techniques en enduro lors de randonn\u00e9es. Au choix et selon vos attentes, vous pourrez opter pour l'un de nos 5 d\u00e9parts diff\u00e9rent. <\/a><\/p>\r\n<p><u><a href=\"http:\/\/www.auvergne-enduro.fr\/?p=718\">D\u00e9couvrir cette formule<\/a><\/u><\/p>\r\n\r\n\t","protected":false},"excerpt":{"rendered":"<p>\u00ab\u00a0Afin de r\u00e9pondre au mieux \u00e0 vos attentes et envies, Auvergne Enduro vous propose deux formules de stages afin de s&rsquo;adapter au mieux \u00e0 votre besoin\u00a0\u00bb FORMULE MIXTE \u00ab ENDURO\/RANDO \u00bb Il s&rsquo;agit d&rsquo;un stage de perfectionnement enduro durant lequel les fondamentaux (position, freinage, descente, prise d&rsquo;\u00e9lan\u2026) seront revus. Celui-ci sera suivi d&rsquo;une randonn\u00e9e au &hellip;<\/p>\n<p class=\"read-more\"> <a class=\"\" href=\"http:\/\/www.auvergne-enduro.fr\/?page_id=8\"> <span class=\"screen-reader-text\">Stage enduro<\/span> Lire la suite\u00a0\u00bb<\/a><\/p>\n","protected":false},"author":1,"featured_media":0,"parent":0,"menu_order":3,"comment_status":"closed","ping_status":"closed","template":"","meta":[],"yoast_head":"<!-- This site is optimized with the Yoast SEO plugin v14.9 - https:\/\/yoast.com\/wordpress\/plugins\/seo\/ -->\n<title>Stage enduro - Auvergne Enduro - Stages et randonn\u00e9es moto<\/title>\n<meta name=\"robots\" content=\"index, follow, max-snippet:-1, max-image-preview:large, max-video-preview:-1\" \/>\n<link rel=\"canonical\" href=\"http:\/\/www.auvergne-enduro.fr\/?page_id=8\" \/>\n<meta property=\"og:locale\" content=\"fr_FR\" \/>\n<meta property=\"og:type\" content=\"article\" \/>\n<meta property=\"og:title\" content=\"Stage enduro - Auvergne Enduro - Stages et randonn\u00e9es moto\" \/>\n<meta property=\"og:description\" content=\"&quot;Afin de r\u00e9pondre au mieux \u00e0 vos attentes et envies, Auvergne Enduro vous propose deux formules de stages afin de s&#039;adapter au mieux \u00e0 votre besoin&quot; FORMULE MIXTE \u00ab ENDURO\/RANDO \u00bb Il s&#039;agit d&#039;un stage de perfectionnement enduro durant lequel les fondamentaux (position, freinage, descente, prise d&#039;\u00e9lan\u2026) seront revus. Celui-ci sera suivi d&#039;une randonn\u00e9e au &hellip; Stage enduro Lire la suite\u00a0\u00bb\" \/>\n<meta property=\"og:url\" content=\"http:\/\/www.auvergne-enduro.fr\/?page_id=8\" \/>\n<meta property=\"og:site_name\" content=\"Auvergne Enduro - Stages et randonn\u00e9es moto\" \/>\n<meta property=\"article:publisher\" content=\"https:\/\/www.facebook.com\/auvergne.enduro\" \/>\n<meta property=\"article:modified_time\" content=\"2018-04-17T13:08:55+00:00\" \/>\n<meta property=\"og:image\" content=\"http:\/\/www.auvergne-enduro.fr\/wp-content\/uploads\/2016\/01\/livradois_post.jpg\" \/>\n<meta name=\"twitter:card\" content=\"summary_large_image\" \/>\n<script type=\"application\/ld+json\" class=\"yoast-schema-graph\">{\"@context\":\"https:\/\/schema.org\",\"@graph\":[{\"@type\":\"Organization\",\"@id\":\"http:\/\/www.auvergne-enduro.fr\/#organization\",\"name\":\"Auvergne Enduro\",\"url\":\"http:\/\/www.auvergne-enduro.fr\/\",\"sameAs\":[\"https:\/\/www.facebook.com\/auvergne.enduro\",\"https:\/\/www.instagram.com\/pierrepallut\/\"],\"logo\":{\"@type\":\"ImageObject\",\"@id\":\"http:\/\/www.auvergne-enduro.fr\/#logo\",\"inLanguage\":\"fr-FR\",\"url\":\"http:\/\/www.auvergne-enduro.fr\/wp-content\/uploads\/2016\/01\/logo_admin.png\",\"width\":323,\"height\":67,\"caption\":\"Auvergne Enduro\"},\"image\":{\"@id\":\"http:\/\/www.auvergne-enduro.fr\/#logo\"}},{\"@type\":\"WebSite\",\"@id\":\"http:\/\/www.auvergne-enduro.fr\/#website\",\"url\":\"http:\/\/www.auvergne-enduro.fr\/\",\"name\":\"Auvergne Enduro - Stages et randonn\\u00e9es moto\",\"description\":\"Stages et randonn\\u00e9es moto\",\"publisher\":{\"@id\":\"http:\/\/www.auvergne-enduro.fr\/#organization\"},\"potentialAction\":[{\"@type\":\"SearchAction\",\"target\":\"http:\/\/www.auvergne-enduro.fr\/?s={search_term_string}\",\"query-input\":\"required name=search_term_string\"}],\"inLanguage\":\"fr-FR\"},{\"@type\":\"ImageObject\",\"@id\":\"http:\/\/www.auvergne-enduro.fr\/?page_id=8#primaryimage\",\"inLanguage\":\"fr-FR\",\"url\":\"http:\/\/www.auvergne-enduro.fr\/wp-content\/uploads\/2016\/01\/livradois_post.jpg\",\"width\":290,\"height\":224},{\"@type\":\"WebPage\",\"@id\":\"http:\/\/www.auvergne-enduro.fr\/?page_id=8#webpage\",\"url\":\"http:\/\/www.auvergne-enduro.fr\/?page_id=8\",\"name\":\"Stage enduro - Auvergne Enduro - Stages et randonn\\u00e9es moto\",\"isPartOf\":{\"@id\":\"http:\/\/www.auvergne-enduro.fr\/#website\"},\"primaryImageOfPage\":{\"@id\":\"http:\/\/www.auvergne-enduro.fr\/?page_id=8#primaryimage\"},\"datePublished\":\"2011-02-20T18:40:49+00:00\",\"dateModified\":\"2018-04-17T13:08:55+00:00\",\"inLanguage\":\"fr-FR\",\"potentialAction\":[{\"@type\":\"ReadAction\",\"target\":[\"http:\/\/www.auvergne-enduro.fr\/?page_id=8\"]}]}]}<\/script>\n<!-- \/ Yoast SEO plugin. -->","_links":{"self":[{"href":"http:\/\/www.auvergne-enduro.fr\/index.php?rest_route=\/wp\/v2\/pages\/8"}],"collection":[{"href":"http:\/\/www.auvergne-enduro.fr\/index.php?rest_route=\/wp\/v2\/pages"}],"about":[{"href":"http:\/\/www.auvergne-enduro.fr\/index.php?rest_route=\/wp\/v2\/types\/page"}],"author":[{"embeddable":true,"href":"http:\/\/www.auvergne-enduro.fr\/index.php?rest_route=\/wp\/v2\/users\/1"}],"replies":[{"embeddable":true,"href":"http:\/\/www.auvergne-enduro.fr\/index.php?rest_route=%2Fwp%2Fv2%2Fcomments&post=8"}],"version-history":[{"count":35,"href":"http:\/\/www.auvergne-enduro.fr\/index.php?rest_route=\/wp\/v2\/pages\/8\/revisions"}],"predecessor-version":[{"id":935,"href":"http:\/\/www.auvergne-enduro.fr\/index.php?rest_route=\/wp\/v2\/pages\/8\/revisions\/935"}],"wp:attachment":[{"href":"http:\/\/www.auvergne-enduro.fr\/index.php?rest_route=%2Fwp%2Fv2%2Fmedia&parent=8"}],"curies":[{"name":"wp","href":"https:\/\/api.w.org\/{rel}","templated":true}]}}