{"id":1841,"date":"2020-09-15T07:12:53","date_gmt":"2020-09-15T07:12:53","guid":{"rendered":"http:\/\/www.auvergne-enduro.fr\/?page_id=1841"},"modified":"2021-12-02T17:55:56","modified_gmt":"2021-12-02T17:55:56","slug":"pierre-pallut","status":"publish","type":"page","link":"https:\/\/www.auvergne-enduro.fr\/?page_id=1841","title":{"rendered":"Encadrement"},"content":{"rendered":"\t\t<div data-elementor-type=\"wp-post\" data-elementor-id=\"1841\" class=\"elementor elementor-1841\" data-elementor-settings=\"[]\">\n\t\t\t\t\t\t<div class=\"elementor-inner\">\n\t\t\t\t\t\t\t<div class=\"elementor-section-wrap\">\n\t\t\t\t\t\t\t<section class=\"elementor-section elementor-top-section elementor-element elementor-element-15c70903 elementor-section-content-middle elementor-section-boxed elementor-section-height-default elementor-section-height-default\" data-id=\"15c70903\" data-element_type=\"section\">\n\t\t\t\t\t\t<div class=\"elementor-container elementor-column-gap-wide\">\n\t\t\t\t\t\t\t<div class=\"elementor-row\">\n\t\t\t\t\t<div class=\"elementor-column elementor-col-33 elementor-top-column elementor-element elementor-element-21f4082f\" data-id=\"21f4082f\" data-element_type=\"column\">\n\t\t\t<div class=\"elementor-column-wrap elementor-element-populated\">\n\t\t\t\t\t\t\t<div class=\"elementor-widget-wrap\">\n\t\t\t\t\t\t<div class=\"elementor-element elementor-element-a0af060 elementor-widget elementor-widget-image\" data-id=\"a0af060\" data-element_type=\"widget\" data-widget_type=\"image.default\">\n\t\t\t\t<div class=\"elementor-widget-container\">\n\t\t\t\t\t<div class=\"elementor-image\">\n\t\t\t\t\t\t\t\t\t\t<img width=\"768\" height=\"512\" src=\"https:\/\/www.auvergne-enduro.fr\/wp-content\/uploads\/2020\/09\/EF0A9249-1-768x512.jpg\" class=\"attachment-medium_large size-medium_large\" alt=\"\" loading=\"lazy\" srcset=\"https:\/\/www.auvergne-enduro.fr\/wp-content\/uploads\/2020\/09\/EF0A9249-1-768x512.jpg 768w, https:\/\/www.auvergne-enduro.fr\/wp-content\/uploads\/2020\/09\/EF0A9249-1-300x200.jpg 300w, https:\/\/www.auvergne-enduro.fr\/wp-content\/uploads\/2020\/09\/EF0A9249-1-1024x682.jpg 1024w, https:\/\/www.auvergne-enduro.fr\/wp-content\/uploads\/2020\/09\/EF0A9249-1-272x182.jpg 272w, https:\/\/www.auvergne-enduro.fr\/wp-content\/uploads\/2020\/09\/EF0A9249-1.jpg 1280w\" sizes=\"(max-width: 768px) 100vw, 768px\" \/>\t\t\t\t\t\t\t\t\t\t\t<\/div>\n\t\t\t\t<\/div>\n\t\t\t\t<\/div>\n\t\t\t\t\t\t<\/div>\n\t\t\t\t\t<\/div>\n\t\t<\/div>\n\t\t\t\t<div class=\"elementor-column elementor-col-66 elementor-top-column elementor-element elementor-element-3f02fa83\" data-id=\"3f02fa83\" data-element_type=\"column\">\n\t\t\t<div class=\"elementor-column-wrap elementor-element-populated\">\n\t\t\t\t\t\t\t<div class=\"elementor-widget-wrap\">\n\t\t\t\t\t\t<div class=\"elementor-element elementor-element-2cfaff6b elementor-widget elementor-widget-heading\" data-id=\"2cfaff6b\" data-element_type=\"widget\" data-widget_type=\"heading.default\">\n\t\t\t\t<div class=\"elementor-widget-container\">\n\t\t\t<h4 class=\"elementor-heading-title elementor-size-default\">Titulaire du Brevet d'\u00c9tat d'\u00e9ducateur sportif option Motocyclisme<\/h4>\t\t<\/div>\n\t\t\t\t<\/div>\n\t\t\t\t<div class=\"elementor-element elementor-element-56e75335 elementor-widget elementor-widget-heading\" data-id=\"56e75335\" data-element_type=\"widget\" data-widget_type=\"heading.default\">\n\t\t\t\t<div class=\"elementor-widget-container\">\n\t\t\t<h2 class=\"elementor-heading-title elementor-size-default\">Pierre PALLUT<\/h2>\t\t<\/div>\n\t\t\t\t<\/div>\n\t\t\t\t<div class=\"elementor-element elementor-element-e2ef4df elementor-widget elementor-widget-heading\" data-id=\"e2ef4df\" data-element_type=\"widget\" data-widget_type=\"heading.default\">\n\t\t\t\t<div class=\"elementor-widget-container\">\n\t\t\t<h6 class=\"elementor-heading-title elementor-size-default\">N\u00e9 le 26\/05\/1987 \u00e0 Clermont-Ferrand<\/h6>\t\t<\/div>\n\t\t\t\t<\/div>\n\t\t\t\t<div class=\"elementor-element elementor-element-525dc806 elementor-widget-divider--view-line elementor-widget elementor-widget-divider\" data-id=\"525dc806\" data-element_type=\"widget\" data-widget_type=\"divider.default\">\n\t\t\t\t<div class=\"elementor-widget-container\">\n\t\t\t\t\t<div class=\"elementor-divider\">\n\t\t\t<span class=\"elementor-divider-separator\">\n\t\t\t\t\t\t<\/span>\n\t\t<\/div>\n\t\t\t\t<\/div>\n\t\t\t\t<\/div>\n\t\t\t\t<div class=\"elementor-element elementor-element-6d4685e elementor-widget elementor-widget-text-editor\" data-id=\"6d4685e\" data-element_type=\"widget\" data-widget_type=\"text-editor.default\">\n\t\t\t\t<div class=\"elementor-widget-container\">\n\t\t\t\t\t<div class=\"elementor-text-editor elementor-clearfix\"><p>\u00ab\u00a0Apr\u00e8s 10 saisons de comp\u00e9tition \u00e0 haut niveau en enduro et Xtrem  durant lesquelles j\u2019ai eu la chance de c\u00f4toyer les meilleurs entraineurs et les meilleurs pilotes, je me consacre d&rsquo;avantage \u00e0 l\u2019enseignement de mon sport. Je souhaite mettre mon exp\u00e9rience \u00e0 votre service pour vous faire progresser lors des stages et utiliser ma connaissance du terrain pour vous faire d\u00e9couvrir de magnifiques paysages de mon Auvergne natale lors des randonn\u00e9es. Des sorties en pleine nature alliant d\u00e9couverte et progression dans le but unique de prendre toujours plus de plaisir en Enduro.\u00a0\u00bb<\/p><\/div>\n\t\t\t\t<\/div>\n\t\t\t\t<\/div>\n\t\t\t\t\t\t<\/div>\n\t\t\t\t\t<\/div>\n\t\t<\/div>\n\t\t\t\t\t\t\t\t<\/div>\n\t\t\t\t\t<\/div>\n\t\t<\/section>\n\t\t\t\t<section class=\"elementor-section elementor-top-section elementor-element elementor-element-1b8e95f elementor-section-boxed elementor-section-height-default elementor-section-height-default\" data-id=\"1b8e95f\" data-element_type=\"section\">\n\t\t\t\t\t\t<div class=\"elementor-container elementor-column-gap-default\">\n\t\t\t\t\t\t\t<div class=\"elementor-row\">\n\t\t\t\t\t<div class=\"elementor-column elementor-col-66 elementor-top-column elementor-element elementor-element-7c20ca3\" data-id=\"7c20ca3\" data-element_type=\"column\">\n\t\t\t<div class=\"elementor-column-wrap elementor-element-populated\">\n\t\t\t\t\t\t\t<div class=\"elementor-widget-wrap\">\n\t\t\t\t\t\t<div class=\"elementor-element elementor-element-026521d elementor-widget elementor-widget-heading\" data-id=\"026521d\" data-element_type=\"widget\" data-widget_type=\"heading.default\">\n\t\t\t\t<div class=\"elementor-widget-container\">\n\t\t\t<h2 class=\"elementor-heading-title elementor-size-default\">Palmar\u00e8s : <\/h2>\t\t<\/div>\n\t\t\t\t<\/div>\n\t\t\t\t\t\t<\/div>\n\t\t\t\t\t<\/div>\n\t\t<\/div>\n\t\t\t\t<div class=\"elementor-column elementor-col-33 elementor-top-column elementor-element elementor-element-9b0c0b8\" data-id=\"9b0c0b8\" data-element_type=\"column\">\n\t\t\t<div class=\"elementor-column-wrap\">\n\t\t\t\t\t\t\t<div class=\"elementor-widget-wrap\">\n\t\t\t\t\t\t\t\t<\/div>\n\t\t\t\t\t<\/div>\n\t\t<\/div>\n\t\t\t\t\t\t\t\t<\/div>\n\t\t\t\t\t<\/div>\n\t\t<\/section>\n\t\t\t\t<section class=\"elementor-section elementor-top-section elementor-element elementor-element-6f6c129 elementor-section-boxed elementor-section-height-default elementor-section-height-default\" data-id=\"6f6c129\" data-element_type=\"section\">\n\t\t\t\t\t\t<div class=\"elementor-container elementor-column-gap-default\">\n\t\t\t\t\t\t\t<div class=\"elementor-row\">\n\t\t\t\t\t<div class=\"elementor-column elementor-col-100 elementor-top-column elementor-element elementor-element-2774257\" data-id=\"2774257\" data-element_type=\"column\">\n\t\t\t<div class=\"elementor-column-wrap elementor-element-populated\">\n\t\t\t\t\t\t\t<div class=\"elementor-widget-wrap\">\n\t\t\t\t\t\t<div class=\"elementor-element elementor-element-d4934e6 elementor-widget elementor-widget-text-editor\" data-id=\"d4934e6\" data-element_type=\"widget\" data-widget_type=\"text-editor.default\">\n\t\t\t\t<div class=\"elementor-widget-container\">\n\t\t\t\t\t<div class=\"elementor-text-editor elementor-clearfix\"><p>\u25ba<em>Saison 2016:<\/em><br>&#8211; 20\u00e8me  RedBull Erzberg Rod\u00e9o<br><\/p>\n<p>\u25ba<em>Saison 2015:<\/em><br>&#8211; 3\u00e8me XL LAGARES<br>&#8211; 11\u00e8me RedBull Erzberg Rod\u00e9o<br><\/p>\n<p>\u25ba<em>Saison 2014:<\/em><br>&#8211; Vainqueur Enduo du Limousin<br>&#8211; 27\u00e8me RedBull Erzberg Rod\u00e9o(finisher)<br>&#8211; 14\u00e8me du Redbull Romaniacs (finisher)<br><\/p>\n<p>\u25ba<em>Saison 2013:<\/em><br>&#8211; 10\u00e8me RedBull Erzberg Rod\u00e9o (finisher)<br>&#8211; 18\u00e8me Redbull Romaniacs (finisher)<br>&#8211; 2\u00e8me \u00e0 The Race<br><\/p>\n<p>\u25ba<em>Saison 2012:<\/em><br>&#8211; Vainqueur de L&rsquo;enduo du Limousin&nbsp;<\/p>\n<p>\u25ba<em>Saison 2011:<\/em><br>&#8211; Vainqueur de L&rsquo;enduro du Limousin avec Greg Eyries<br>&#8211; 2\u00e8me du Tr\u00e8fle Loz\u00e9rien en Elite E2 (11\u00e8me Scratch)<br><br><\/p>\n<p>\u25ba<em>Saison 2010:<\/em><br>&#8211; 3\u00e8me du championnat de France d&rsquo;Enduro Elite E3<br>&#8211; 9\u00e8me du championnat du Monde d&rsquo;Enduro Junior<br>&#8211; 4\u00e8me des ISDE (enduro des nations) avec l&rsquo;\u00e9quipe de France Junior<br>&#8211; vainqueur de l&rsquo;Enduro du Limousin avec Greg Eyries<br><br>\u25ba<em>Saison 2009:<\/em><br>&#8211; Vainqueur Enduro Maya Maroc<br>&#8211; 3\u00e8me du Championnat d\u2019Europe d&rsquo;Enduro Junior<br><br>\u25baSaison 2008:<br>&#8211; 3\u00e8me du Tr\u00e8fle Loz\u00e9rien Junior Blessures<br><br>\u25baSaison 2007:<br>&#8211; Int\u00e9gration au sein de l\u2019Equipe de France d\u2019Enduro de l\u2019Arm\u00e9e de Terre-FFM pour deux ann\u00e9es<br>&#8211; 4\u00e8me du Championnat de France d&rsquo;Enduro Junior<br>&#8211; vainqueur Coupe de France d\u2019Enduro (avec J.Gauthier et PM Duzellier)<br><br<br>&#8211; vainqueur de l\u2019Indoor de Lyon (cat\u00e9gorie national)<\/br<br><\/p><\/div>\n\t\t\t\t<\/div>\n\t\t\t\t<\/div>\n\t\t\t\t\t\t<\/div>\n\t\t\t\t\t<\/div>\n\t\t<\/div>\n\t\t\t\t\t\t\t\t<\/div>\n\t\t\t\t\t<\/div>\n\t\t<\/section>\n\t\t\t\t\t\t<\/div>\n\t\t\t\t\t\t<\/div>\n\t\t\t\t\t<\/div>\n\t\t","protected":false},"excerpt":{"rendered":"<p>Swap Burning Out For a Fire Within Start Here Coach Sara John Lorem ipsum dolor sit amet, consectetur adipiscing elit, sed do eiusmod tempor incididunt ut labore et dolore magna aliqua. Ut enim ad minim veniam, quis nostrud exercitation ullamco laboris nisi ut aliquip ex ea commodo consequat. Duis aute irure dolor in reprehenderit in &hellip;<\/p>\n<p class=\"read-more\"> <a class=\"\" href=\"https:\/\/websitedemos.net\/life-coach-sara-john\/\"> <span class=\"screen-reader-text\">Home<\/span> Read More &raquo;<\/a><\/p>\n","protected":false},"author":1,"featured_media":0,"parent":0,"menu_order":0,"comment_status":"closed","ping_status":"closed","template":"elementor_header_footer","meta":[],"yoast_head":"<!-- This site is optimized with the Yoast SEO plugin v14.9 - https:\/\/yoast.com\/wordpress\/plugins\/seo\/ -->\n<title>Encadrement - Auvergne Enduro - Stages et randonn\u00e9es moto<\/title>\n<meta name=\"description\" content=\"Les randonn\u00e9es sont encadr\u00e9es par Pierre Pallut, sp\u00e9cialiste de l&#039;enduro extr\u00eame. Titulaire du BE d&#039;\u00e9ducateur sportif option Motocyclisme\" \/>\n<meta name=\"robots\" content=\"index, follow, max-snippet:-1, max-image-preview:large, max-video-preview:-1\" \/>\n<link rel=\"canonical\" href=\"http:\/\/www.auvergne-enduro.fr\/?page_id=1841\" \/>\n<meta property=\"og:locale\" content=\"fr_FR\" \/>\n<meta property=\"og:type\" content=\"article\" \/>\n<meta property=\"og:title\" content=\"Encadrement - Auvergne Enduro - Stages et randonn\u00e9es moto\" \/>\n<meta property=\"og:description\" content=\"Les randonn\u00e9es sont encadr\u00e9es par Pierre Pallut, sp\u00e9cialiste de l&#039;enduro extr\u00eame. Titulaire du BE d&#039;\u00e9ducateur sportif option Motocyclisme\" \/>\n<meta property=\"og:url\" content=\"http:\/\/www.auvergne-enduro.fr\/?page_id=1841\" \/>\n<meta property=\"og:site_name\" content=\"Auvergne Enduro - Stages et randonn\u00e9es moto\" \/>\n<meta property=\"article:publisher\" content=\"https:\/\/www.facebook.com\/auvergne.enduro\" \/>\n<meta property=\"article:modified_time\" content=\"2021-12-02T17:55:56+00:00\" \/>\n<meta property=\"og:image\" content=\"http:\/\/www.auvergne-enduro.fr\/wp-content\/uploads\/2020\/09\/EF0A9249-1-768x512.jpg\" \/>\n<meta name=\"twitter:card\" content=\"summary_large_image\" \/>\n<script type=\"application\/ld+json\" class=\"yoast-schema-graph\">{\"@context\":\"https:\/\/schema.org\",\"@graph\":[{\"@type\":\"Organization\",\"@id\":\"https:\/\/www.auvergne-enduro.fr\/#organization\",\"name\":\"Auvergne Enduro\",\"url\":\"https:\/\/www.auvergne-enduro.fr\/\",\"sameAs\":[\"https:\/\/www.facebook.com\/auvergne.enduro\",\"https:\/\/www.instagram.com\/pierrepallut\/\"],\"logo\":{\"@type\":\"ImageObject\",\"@id\":\"https:\/\/www.auvergne-enduro.fr\/#logo\",\"inLanguage\":\"fr-FR\",\"url\":\"https:\/\/www.auvergne-enduro.fr\/wp-content\/uploads\/2016\/01\/logo_admin.png\",\"width\":323,\"height\":67,\"caption\":\"Auvergne Enduro\"},\"image\":{\"@id\":\"https:\/\/www.auvergne-enduro.fr\/#logo\"}},{\"@type\":\"WebSite\",\"@id\":\"https:\/\/www.auvergne-enduro.fr\/#website\",\"url\":\"https:\/\/www.auvergne-enduro.fr\/\",\"name\":\"Auvergne Enduro - Stages et randonn\\u00e9es moto\",\"description\":\"Stages et randonn\\u00e9es moto\",\"publisher\":{\"@id\":\"https:\/\/www.auvergne-enduro.fr\/#organization\"},\"potentialAction\":[{\"@type\":\"SearchAction\",\"target\":\"https:\/\/www.auvergne-enduro.fr\/?s={search_term_string}\",\"query-input\":\"required name=search_term_string\"}],\"inLanguage\":\"fr-FR\"},{\"@type\":\"ImageObject\",\"@id\":\"http:\/\/www.auvergne-enduro.fr\/?page_id=1841#primaryimage\",\"inLanguage\":\"fr-FR\",\"url\":\"http:\/\/www.auvergne-enduro.fr\/wp-content\/uploads\/2020\/09\/EF0A9249-1-768x512.jpg\"},{\"@type\":\"WebPage\",\"@id\":\"http:\/\/www.auvergne-enduro.fr\/?page_id=1841#webpage\",\"url\":\"http:\/\/www.auvergne-enduro.fr\/?page_id=1841\",\"name\":\"Encadrement - Auvergne Enduro - Stages et randonn\\u00e9es moto\",\"isPartOf\":{\"@id\":\"https:\/\/www.auvergne-enduro.fr\/#website\"},\"primaryImageOfPage\":{\"@id\":\"http:\/\/www.auvergne-enduro.fr\/?page_id=1841#primaryimage\"},\"datePublished\":\"2020-09-15T07:12:53+00:00\",\"dateModified\":\"2021-12-02T17:55:56+00:00\",\"description\":\"Les randonn\\u00e9es sont encadr\\u00e9es par Pierre Pallut, sp\\u00e9cialiste de l'enduro extr\\u00eame. Titulaire du BE d'\\u00e9ducateur sportif option Motocyclisme\",\"inLanguage\":\"fr-FR\",\"potentialAction\":[{\"@type\":\"ReadAction\",\"target\":[\"http:\/\/www.auvergne-enduro.fr\/?page_id=1841\"]}]}]}<\/script>\n<!-- \/ Yoast SEO plugin. -->","_links":{"self":[{"href":"https:\/\/www.auvergne-enduro.fr\/index.php?rest_route=\/wp\/v2\/pages\/1841"}],"collection":[{"href":"https:\/\/www.auvergne-enduro.fr\/index.php?rest_route=\/wp\/v2\/pages"}],"about":[{"href":"https:\/\/www.auvergne-enduro.fr\/index.php?rest_route=\/wp\/v2\/types\/page"}],"author":[{"embeddable":true,"href":"https:\/\/www.auvergne-enduro.fr\/index.php?rest_route=\/wp\/v2\/users\/1"}],"replies":[{"embeddable":true,"href":"https:\/\/www.auvergne-enduro.fr\/index.php?rest_route=%2Fwp%2Fv2%2Fcomments&post=1841"}],"version-history":[{"count":8,"href":"https:\/\/www.auvergne-enduro.fr\/index.php?rest_route=\/wp\/v2\/pages\/1841\/revisions"}],"predecessor-version":[{"id":1982,"href":"https:\/\/www.auvergne-enduro.fr\/index.php?rest_route=\/wp\/v2\/pages\/1841\/revisions\/1982"}],"wp:attachment":[{"href":"https:\/\/www.auvergne-enduro.fr\/index.php?rest_route=%2Fwp%2Fv2%2Fmedia&parent=1841"}],"curies":[{"name":"wp","href":"https:\/\/api.w.org\/{rel}","templated":true}]}}