{"id":1937,"date":"2020-09-28T20:37:49","date_gmt":"2020-09-28T20:37:49","guid":{"rendered":"http:\/\/www.auvergne-enduro.fr\/?page_id=1937"},"modified":"2023-12-13T14:27:38","modified_gmt":"2023-12-13T14:27:38","slug":"randonnees-2","status":"publish","type":"page","link":"https:\/\/www.auvergne-enduro.fr\/?page_id=1937","title":{"rendered":"Randonn\u00e9es"},"content":{"rendered":"\t\t<div data-elementor-type=\"wp-page\" data-elementor-id=\"1937\" class=\"elementor elementor-1937\" data-elementor-settings=\"[]\">\n\t\t\t\t\t\t<div class=\"elementor-inner\">\n\t\t\t\t\t\t\t<div class=\"elementor-section-wrap\">\n\t\t\t\t\t\t\t<section class=\"elementor-section elementor-top-section elementor-element elementor-element-a18a359 elementor-section-boxed elementor-section-height-default elementor-section-height-default\" data-id=\"a18a359\" data-element_type=\"section\">\n\t\t\t\t\t\t<div class=\"elementor-container elementor-column-gap-default\">\n\t\t\t\t\t\t\t<div class=\"elementor-row\">\n\t\t\t\t\t<div class=\"elementor-column elementor-col-100 elementor-top-column elementor-element elementor-element-e0e774e\" data-id=\"e0e774e\" data-element_type=\"column\">\n\t\t\t<div class=\"elementor-column-wrap elementor-element-populated\">\n\t\t\t\t\t\t\t<div class=\"elementor-widget-wrap\">\n\t\t\t\t\t\t<div class=\"elementor-element elementor-element-2e203ed elementor-widget elementor-widget-text-editor\" data-id=\"2e203ed\" data-element_type=\"widget\" data-widget_type=\"text-editor.default\">\n\t\t\t\t<div class=\"elementor-widget-container\">\n\t\t\t\t\t<div class=\"elementor-text-editor elementor-clearfix\"><h3>Auvergne enduro vous propose 6 destinations et 13 journ\u00e9es de randonn\u00e9e enduro diff\u00e9rentes. Chaque parcours est \u00e9volutif pour s&rsquo;adapter au mieux \u00e0 votre niveau. <br>Choisissez la randonn\u00e9e enduro qui vous convient le mieux&#8230;\n<\/h3><\/div>\n\t\t\t\t<\/div>\n\t\t\t\t<\/div>\n\t\t\t\t\t\t<\/div>\n\t\t\t\t\t<\/div>\n\t\t<\/div>\n\t\t\t\t\t\t\t\t<\/div>\n\t\t\t\t\t<\/div>\n\t\t<\/section>\n\t\t\t\t<section class=\"elementor-section elementor-top-section elementor-element elementor-element-7d7bbf6 elementor-section-boxed elementor-section-height-default elementor-section-height-default\" data-id=\"7d7bbf6\" data-element_type=\"section\">\n\t\t\t\t\t\t<div class=\"elementor-container elementor-column-gap-default\">\n\t\t\t\t\t\t\t<div class=\"elementor-row\">\n\t\t\t\t\t<div class=\"elementor-column elementor-col-100 elementor-top-column elementor-element elementor-element-4079502\" data-id=\"4079502\" data-element_type=\"column\">\n\t\t\t<div class=\"elementor-column-wrap elementor-element-populated\">\n\t\t\t\t\t\t\t<div class=\"elementor-widget-wrap\">\n\t\t\t\t\t\t<div class=\"elementor-element elementor-element-acd8111 elementor-position-top elementor-vertical-align-top elementor-widget elementor-widget-image-box\" data-id=\"acd8111\" data-element_type=\"widget\" data-widget_type=\"image-box.default\">\n\t\t\t\t<div class=\"elementor-widget-container\">\n\t\t\t<div class=\"elementor-image-box-wrapper\"><figure class=\"elementor-image-box-img\"><img width=\"1280\" height=\"853\" src=\"https:\/\/www.auvergne-enduro.fr\/wp-content\/uploads\/2020\/09\/Livradois-1.jpg\" class=\"attachment-full size-full\" alt=\"\" loading=\"lazy\" srcset=\"https:\/\/www.auvergne-enduro.fr\/wp-content\/uploads\/2020\/09\/Livradois-1.jpg 1280w, https:\/\/www.auvergne-enduro.fr\/wp-content\/uploads\/2020\/09\/Livradois-1-300x200.jpg 300w, https:\/\/www.auvergne-enduro.fr\/wp-content\/uploads\/2020\/09\/Livradois-1-768x512.jpg 768w, https:\/\/www.auvergne-enduro.fr\/wp-content\/uploads\/2020\/09\/Livradois-1-1024x682.jpg 1024w, https:\/\/www.auvergne-enduro.fr\/wp-content\/uploads\/2020\/09\/Livradois-1-272x182.jpg 272w\" sizes=\"(max-width: 1280px) 100vw, 1280px\" \/><\/figure><div class=\"elementor-image-box-content\"><h3 class=\"elementor-image-box-title\">Randonn\u00e9e Livradois<\/h3><\/div><\/div>\t\t<\/div>\n\t\t\t\t<\/div>\n\t\t\t\t<div class=\"elementor-element elementor-element-4e2a5af elementor-button-info elementor-align-center elementor-widget elementor-widget-button\" data-id=\"4e2a5af\" data-element_type=\"widget\" data-widget_type=\"button.default\">\n\t\t\t\t<div class=\"elementor-widget-container\">\n\t\t\t\t\t<div class=\"elementor-button-wrapper\">\n\t\t\t<a href=\"http:\/\/www.auvergne-enduro.fr\/?p=622\" class=\"elementor-button-link elementor-button elementor-size-md\" role=\"button\">\n\t\t\t\t\t\t<span class=\"elementor-button-content-wrapper\">\n\t\t\t\t\t\t<span class=\"elementor-button-text\">Voir cette randonn\u00e9e<\/span>\n\t\t<\/span>\n\t\t\t\t\t<\/a>\n\t\t<\/div>\n\t\t\t\t<\/div>\n\t\t\t\t<\/div>\n\t\t\t\t\t\t<\/div>\n\t\t\t\t\t<\/div>\n\t\t<\/div>\n\t\t\t\t\t\t\t\t<\/div>\n\t\t\t\t\t<\/div>\n\t\t<\/section>\n\t\t\t\t<section class=\"elementor-section elementor-top-section elementor-element elementor-element-1a037dc elementor-section-boxed elementor-section-height-default elementor-section-height-default\" data-id=\"1a037dc\" data-element_type=\"section\">\n\t\t\t\t\t\t<div class=\"elementor-container elementor-column-gap-default\">\n\t\t\t\t\t\t\t<div class=\"elementor-row\">\n\t\t\t\t\t<div class=\"elementor-column elementor-col-100 elementor-top-column elementor-element elementor-element-d5cf173\" data-id=\"d5cf173\" data-element_type=\"column\">\n\t\t\t<div class=\"elementor-column-wrap elementor-element-populated\">\n\t\t\t\t\t\t\t<div class=\"elementor-widget-wrap\">\n\t\t\t\t\t\t<div class=\"elementor-element elementor-element-a90fbac elementor-position-top elementor-vertical-align-top elementor-widget elementor-widget-image-box\" data-id=\"a90fbac\" data-element_type=\"widget\" data-widget_type=\"image-box.default\">\n\t\t\t\t<div class=\"elementor-widget-container\">\n\t\t\t<div class=\"elementor-image-box-wrapper\"><figure class=\"elementor-image-box-img\"><img width=\"1280\" height=\"853\" src=\"https:\/\/www.auvergne-enduro.fr\/wp-content\/uploads\/2020\/09\/Brivadois-1.jpg\" class=\"attachment-full size-full\" alt=\"\" loading=\"lazy\" srcset=\"https:\/\/www.auvergne-enduro.fr\/wp-content\/uploads\/2020\/09\/Brivadois-1.jpg 1280w, https:\/\/www.auvergne-enduro.fr\/wp-content\/uploads\/2020\/09\/Brivadois-1-300x200.jpg 300w, https:\/\/www.auvergne-enduro.fr\/wp-content\/uploads\/2020\/09\/Brivadois-1-768x512.jpg 768w, https:\/\/www.auvergne-enduro.fr\/wp-content\/uploads\/2020\/09\/Brivadois-1-1024x682.jpg 1024w, https:\/\/www.auvergne-enduro.fr\/wp-content\/uploads\/2020\/09\/Brivadois-1-272x182.jpg 272w\" sizes=\"(max-width: 1280px) 100vw, 1280px\" \/><\/figure><div class=\"elementor-image-box-content\"><h3 class=\"elementor-image-box-title\">Randonn\u00e9e Brivadois<\/h3><\/div><\/div>\t\t<\/div>\n\t\t\t\t<\/div>\n\t\t\t\t<div class=\"elementor-element elementor-element-4f5b63c elementor-button-info elementor-align-center elementor-widget elementor-widget-button\" data-id=\"4f5b63c\" data-element_type=\"widget\" data-widget_type=\"button.default\">\n\t\t\t\t<div class=\"elementor-widget-container\">\n\t\t\t\t\t<div class=\"elementor-button-wrapper\">\n\t\t\t<a href=\"http:\/\/www.auvergne-enduro.fr\/?p=620\" class=\"elementor-button-link elementor-button elementor-size-sm\" role=\"button\">\n\t\t\t\t\t\t<span class=\"elementor-button-content-wrapper\">\n\t\t\t\t\t\t<span class=\"elementor-button-text\">Voir cette randonn\u00e9e<\/span>\n\t\t<\/span>\n\t\t\t\t\t<\/a>\n\t\t<\/div>\n\t\t\t\t<\/div>\n\t\t\t\t<\/div>\n\t\t\t\t<div class=\"elementor-element elementor-element-b82c8ad elementor-position-top elementor-vertical-align-top elementor-widget elementor-widget-image-box\" data-id=\"b82c8ad\" data-element_type=\"widget\" data-widget_type=\"image-box.default\">\n\t\t\t\t<div class=\"elementor-widget-container\">\n\t\t\t<div class=\"elementor-image-box-wrapper\"><figure class=\"elementor-image-box-img\"><img width=\"1280\" height=\"853\" src=\"https:\/\/www.auvergne-enduro.fr\/wp-content\/uploads\/2020\/09\/MG_1608.jpg\" class=\"attachment-full size-full\" alt=\"\" loading=\"lazy\" srcset=\"https:\/\/www.auvergne-enduro.fr\/wp-content\/uploads\/2020\/09\/MG_1608.jpg 1280w, https:\/\/www.auvergne-enduro.fr\/wp-content\/uploads\/2020\/09\/MG_1608-300x200.jpg 300w, https:\/\/www.auvergne-enduro.fr\/wp-content\/uploads\/2020\/09\/MG_1608-768x512.jpg 768w, https:\/\/www.auvergne-enduro.fr\/wp-content\/uploads\/2020\/09\/MG_1608-1024x682.jpg 1024w, https:\/\/www.auvergne-enduro.fr\/wp-content\/uploads\/2020\/09\/MG_1608-272x182.jpg 272w\" sizes=\"(max-width: 1280px) 100vw, 1280px\" \/><\/figure><div class=\"elementor-image-box-content\"><h3 class=\"elementor-image-box-title\">Randonn\u00e9e Artense<\/h3><\/div><\/div>\t\t<\/div>\n\t\t\t\t<\/div>\n\t\t\t\t<div class=\"elementor-element elementor-element-c67fa78 elementor-button-info elementor-align-center elementor-widget elementor-widget-button\" data-id=\"c67fa78\" data-element_type=\"widget\" data-widget_type=\"button.default\">\n\t\t\t\t<div class=\"elementor-widget-container\">\n\t\t\t\t\t<div class=\"elementor-button-wrapper\">\n\t\t\t<a href=\"http:\/\/www.auvergne-enduro.fr\/?p=583\" class=\"elementor-button-link elementor-button elementor-size-sm\" role=\"button\">\n\t\t\t\t\t\t<span class=\"elementor-button-content-wrapper\">\n\t\t\t\t\t\t<span class=\"elementor-button-text\">Voir cette randonn\u00e9e<\/span>\n\t\t<\/span>\n\t\t\t\t\t<\/a>\n\t\t<\/div>\n\t\t\t\t<\/div>\n\t\t\t\t<\/div>\n\t\t\t\t<div class=\"elementor-element elementor-element-e989315 elementor-position-top elementor-vertical-align-top elementor-widget elementor-widget-image-box\" data-id=\"e989315\" data-element_type=\"widget\" data-widget_type=\"image-box.default\">\n\t\t\t\t<div class=\"elementor-widget-container\">\n\t\t\t<div class=\"elementor-image-box-wrapper\"><figure class=\"elementor-image-box-img\"><img width=\"1280\" height=\"853\" src=\"https:\/\/www.auvergne-enduro.fr\/wp-content\/uploads\/2020\/09\/Ambert-1.jpg\" class=\"attachment-full size-full\" alt=\"\" loading=\"lazy\" srcset=\"https:\/\/www.auvergne-enduro.fr\/wp-content\/uploads\/2020\/09\/Ambert-1.jpg 1280w, https:\/\/www.auvergne-enduro.fr\/wp-content\/uploads\/2020\/09\/Ambert-1-300x200.jpg 300w, https:\/\/www.auvergne-enduro.fr\/wp-content\/uploads\/2020\/09\/Ambert-1-768x512.jpg 768w, https:\/\/www.auvergne-enduro.fr\/wp-content\/uploads\/2020\/09\/Ambert-1-1024x682.jpg 1024w, https:\/\/www.auvergne-enduro.fr\/wp-content\/uploads\/2020\/09\/Ambert-1-272x182.jpg 272w\" sizes=\"(max-width: 1280px) 100vw, 1280px\" \/><\/figure><div class=\"elementor-image-box-content\"><h3 class=\"elementor-image-box-title\">Randonn\u00e9e Forez<\/h3><\/div><\/div>\t\t<\/div>\n\t\t\t\t<\/div>\n\t\t\t\t<div class=\"elementor-element elementor-element-7f5e83e elementor-button-info elementor-align-center elementor-widget elementor-widget-button\" data-id=\"7f5e83e\" data-element_type=\"widget\" data-widget_type=\"button.default\">\n\t\t\t\t<div class=\"elementor-widget-container\">\n\t\t\t\t\t<div class=\"elementor-button-wrapper\">\n\t\t\t<a href=\"http:\/\/www.auvergne-enduro.fr\/?p=617\" class=\"elementor-button-link elementor-button elementor-size-sm\" role=\"button\">\n\t\t\t\t\t\t<span class=\"elementor-button-content-wrapper\">\n\t\t\t\t\t\t<span class=\"elementor-button-text\">Voir cette randonn\u00e9e<\/span>\n\t\t<\/span>\n\t\t\t\t\t<\/a>\n\t\t<\/div>\n\t\t\t\t<\/div>\n\t\t\t\t<\/div>\n\t\t\t\t<div class=\"elementor-element elementor-element-01dc529 elementor-position-top elementor-vertical-align-top elementor-widget elementor-widget-image-box\" data-id=\"01dc529\" data-element_type=\"widget\" data-widget_type=\"image-box.default\">\n\t\t\t\t<div class=\"elementor-widget-container\">\n\t\t\t<div class=\"elementor-image-box-wrapper\"><figure class=\"elementor-image-box-img\"><img width=\"1280\" height=\"853\" src=\"https:\/\/www.auvergne-enduro.fr\/wp-content\/uploads\/2020\/09\/Haut-Allier-1.jpg\" class=\"attachment-full size-full\" alt=\"\" loading=\"lazy\" srcset=\"https:\/\/www.auvergne-enduro.fr\/wp-content\/uploads\/2020\/09\/Haut-Allier-1.jpg 1280w, https:\/\/www.auvergne-enduro.fr\/wp-content\/uploads\/2020\/09\/Haut-Allier-1-300x200.jpg 300w, https:\/\/www.auvergne-enduro.fr\/wp-content\/uploads\/2020\/09\/Haut-Allier-1-768x512.jpg 768w, https:\/\/www.auvergne-enduro.fr\/wp-content\/uploads\/2020\/09\/Haut-Allier-1-1024x682.jpg 1024w, https:\/\/www.auvergne-enduro.fr\/wp-content\/uploads\/2020\/09\/Haut-Allier-1-272x182.jpg 272w\" sizes=\"(max-width: 1280px) 100vw, 1280px\" \/><\/figure><div class=\"elementor-image-box-content\"><h3 class=\"elementor-image-box-title\">Randonn\u00e9e Haut Allier<\/h3><\/div><\/div>\t\t<\/div>\n\t\t\t\t<\/div>\n\t\t\t\t<div class=\"elementor-element elementor-element-cd474ee elementor-button-info elementor-align-center elementor-widget elementor-widget-button\" data-id=\"cd474ee\" data-element_type=\"widget\" data-widget_type=\"button.default\">\n\t\t\t\t<div class=\"elementor-widget-container\">\n\t\t\t\t\t<div class=\"elementor-button-wrapper\">\n\t\t\t<a href=\"http:\/\/www.auvergne-enduro.fr\/?p=613\" class=\"elementor-button-link elementor-button elementor-size-sm\" role=\"button\">\n\t\t\t\t\t\t<span class=\"elementor-button-content-wrapper\">\n\t\t\t\t\t\t<span class=\"elementor-button-text\">Voir cette randonn\u00e9e<\/span>\n\t\t<\/span>\n\t\t\t\t\t<\/a>\n\t\t<\/div>\n\t\t\t\t<\/div>\n\t\t\t\t<\/div>\n\t\t\t\t<div class=\"elementor-element elementor-element-45d2527 elementor-position-top elementor-vertical-align-top elementor-widget elementor-widget-image-box\" data-id=\"45d2527\" data-element_type=\"widget\" data-widget_type=\"image-box.default\">\n\t\t\t\t<div class=\"elementor-widget-container\">\n\t\t\t<div class=\"elementor-image-box-wrapper\"><figure class=\"elementor-image-box-img\"><img width=\"1280\" height=\"853\" src=\"https:\/\/www.auvergne-enduro.fr\/wp-content\/uploads\/2020\/09\/EF0A9211-1.jpg\" class=\"attachment-full size-full\" alt=\"\" loading=\"lazy\" srcset=\"https:\/\/www.auvergne-enduro.fr\/wp-content\/uploads\/2020\/09\/EF0A9211-1.jpg 1280w, https:\/\/www.auvergne-enduro.fr\/wp-content\/uploads\/2020\/09\/EF0A9211-1-768x511.jpg 768w, https:\/\/www.auvergne-enduro.fr\/wp-content\/uploads\/2020\/09\/EF0A9211-1-272x182.jpg 272w\" sizes=\"(max-width: 1280px) 100vw, 1280px\" \/><\/figure><div class=\"elementor-image-box-content\"><h3 class=\"elementor-image-box-title\">Itin\u00e9rant<\/h3><\/div><\/div>\t\t<\/div>\n\t\t\t\t<\/div>\n\t\t\t\t<div class=\"elementor-element elementor-element-b6dd060 elementor-button-info elementor-align-center elementor-widget elementor-widget-button\" data-id=\"b6dd060\" data-element_type=\"widget\" data-widget_type=\"button.default\">\n\t\t\t\t<div class=\"elementor-widget-container\">\n\t\t\t\t\t<div class=\"elementor-button-wrapper\">\n\t\t\t<a href=\"http:\/\/www.auvergne-enduro.fr\/?p=1789\" class=\"elementor-button-link elementor-button elementor-size-sm\" role=\"button\">\n\t\t\t\t\t\t<span class=\"elementor-button-content-wrapper\">\n\t\t\t\t\t\t<span class=\"elementor-button-text\">Voir cette randonn\u00e9e<\/span>\n\t\t<\/span>\n\t\t\t\t\t<\/a>\n\t\t<\/div>\n\t\t\t\t<\/div>\n\t\t\t\t<\/div>\n\t\t\t\t\t\t<\/div>\n\t\t\t\t\t<\/div>\n\t\t<\/div>\n\t\t\t\t\t\t\t\t<\/div>\n\t\t\t\t\t<\/div>\n\t\t<\/section>\n\t\t\t\t\t\t<\/div>\n\t\t\t\t\t\t<\/div>\n\t\t\t\t\t<\/div>\n\t\t","protected":false},"excerpt":{"rendered":"<p>Auvergne enduro vous propose 6 destinations et 13 journ\u00e9es de randonn\u00e9e enduro diff\u00e9rentes. Chaque parcours est \u00e9volutif pour s&rsquo;adapter au mieux \u00e0 votre niveau. Choisissez la randonn\u00e9e enduro qui vous convient le mieux&#8230; Randonn\u00e9e Livradois Voir cette randonn\u00e9e Randonn\u00e9e Brivadois Voir cette randonn\u00e9e Randonn\u00e9e Artense Voir cette randonn\u00e9e Randonn\u00e9e Forez Voir cette randonn\u00e9e Randonn\u00e9e Haut &hellip;<\/p>\n<p class=\"read-more\"> <a class=\"\" href=\"https:\/\/www.auvergne-enduro.fr\/?page_id=1937\"> <span class=\"screen-reader-text\">Randonn\u00e9es<\/span> Lire la suite\u00a0\u00bb<\/a><\/p>\n","protected":false},"author":1,"featured_media":0,"parent":0,"menu_order":0,"comment_status":"closed","ping_status":"closed","template":"","meta":[],"yoast_head":"<!-- This site is optimized with the Yoast SEO plugin v14.9 - https:\/\/yoast.com\/wordpress\/plugins\/seo\/ -->\n<title>Randonn\u00e9es - Auvergne Enduro - Stages et randonn\u00e9es moto<\/title>\n<meta name=\"robots\" content=\"index, follow, max-snippet:-1, max-image-preview:large, max-video-preview:-1\" \/>\n<link rel=\"canonical\" href=\"http:\/\/www.auvergne-enduro.fr\/?page_id=1937\" \/>\n<meta property=\"og:locale\" content=\"fr_FR\" \/>\n<meta property=\"og:type\" content=\"article\" \/>\n<meta property=\"og:title\" content=\"Randonn\u00e9es - Auvergne Enduro - Stages et randonn\u00e9es moto\" \/>\n<meta property=\"og:description\" content=\"Auvergne enduro vous propose 6 destinations et 13 journ\u00e9es de randonn\u00e9e enduro diff\u00e9rentes. Chaque parcours est \u00e9volutif pour s&#039;adapter au mieux \u00e0 votre niveau. Choisissez la randonn\u00e9e enduro qui vous convient le mieux... Randonn\u00e9e Livradois Voir cette randonn\u00e9e Randonn\u00e9e Brivadois Voir cette randonn\u00e9e Randonn\u00e9e Artense Voir cette randonn\u00e9e Randonn\u00e9e Forez Voir cette randonn\u00e9e Randonn\u00e9e Haut &hellip; Randonn\u00e9es Lire la suite\u00a0\u00bb\" \/>\n<meta property=\"og:url\" content=\"http:\/\/www.auvergne-enduro.fr\/?page_id=1937\" \/>\n<meta property=\"og:site_name\" content=\"Auvergne Enduro - Stages et randonn\u00e9es moto\" \/>\n<meta property=\"article:publisher\" content=\"https:\/\/www.facebook.com\/auvergne.enduro\" \/>\n<meta property=\"article:modified_time\" content=\"2023-12-13T14:27:38+00:00\" \/>\n<meta property=\"og:image\" content=\"http:\/\/www.auvergne-enduro.fr\/wp-content\/uploads\/2020\/09\/Livradois-1.jpg\" \/>\n<meta name=\"twitter:card\" content=\"summary_large_image\" \/>\n<script type=\"application\/ld+json\" class=\"yoast-schema-graph\">{\"@context\":\"https:\/\/schema.org\",\"@graph\":[{\"@type\":\"Organization\",\"@id\":\"https:\/\/www.auvergne-enduro.fr\/#organization\",\"name\":\"Auvergne Enduro\",\"url\":\"https:\/\/www.auvergne-enduro.fr\/\",\"sameAs\":[\"https:\/\/www.facebook.com\/auvergne.enduro\",\"https:\/\/www.instagram.com\/pierrepallut\/\"],\"logo\":{\"@type\":\"ImageObject\",\"@id\":\"https:\/\/www.auvergne-enduro.fr\/#logo\",\"inLanguage\":\"fr-FR\",\"url\":\"https:\/\/www.auvergne-enduro.fr\/wp-content\/uploads\/2016\/01\/logo_admin.png\",\"width\":323,\"height\":67,\"caption\":\"Auvergne Enduro\"},\"image\":{\"@id\":\"https:\/\/www.auvergne-enduro.fr\/#logo\"}},{\"@type\":\"WebSite\",\"@id\":\"https:\/\/www.auvergne-enduro.fr\/#website\",\"url\":\"https:\/\/www.auvergne-enduro.fr\/\",\"name\":\"Auvergne Enduro - Stages et randonn\\u00e9es moto\",\"description\":\"Stages et randonn\\u00e9es moto\",\"publisher\":{\"@id\":\"https:\/\/www.auvergne-enduro.fr\/#organization\"},\"potentialAction\":[{\"@type\":\"SearchAction\",\"target\":\"https:\/\/www.auvergne-enduro.fr\/?s={search_term_string}\",\"query-input\":\"required name=search_term_string\"}],\"inLanguage\":\"fr-FR\"},{\"@type\":\"ImageObject\",\"@id\":\"http:\/\/www.auvergne-enduro.fr\/?page_id=1937#primaryimage\",\"inLanguage\":\"fr-FR\",\"url\":\"http:\/\/www.auvergne-enduro.fr\/wp-content\/uploads\/2020\/09\/Livradois-1.jpg\"},{\"@type\":\"WebPage\",\"@id\":\"http:\/\/www.auvergne-enduro.fr\/?page_id=1937#webpage\",\"url\":\"http:\/\/www.auvergne-enduro.fr\/?page_id=1937\",\"name\":\"Randonn\\u00e9es - Auvergne Enduro - Stages et randonn\\u00e9es moto\",\"isPartOf\":{\"@id\":\"https:\/\/www.auvergne-enduro.fr\/#website\"},\"primaryImageOfPage\":{\"@id\":\"http:\/\/www.auvergne-enduro.fr\/?page_id=1937#primaryimage\"},\"datePublished\":\"2020-09-28T20:37:49+00:00\",\"dateModified\":\"2023-12-13T14:27:38+00:00\",\"inLanguage\":\"fr-FR\",\"potentialAction\":[{\"@type\":\"ReadAction\",\"target\":[\"http:\/\/www.auvergne-enduro.fr\/?page_id=1937\"]}]}]}<\/script>\n<!-- \/ Yoast SEO plugin. -->","_links":{"self":[{"href":"https:\/\/www.auvergne-enduro.fr\/index.php?rest_route=\/wp\/v2\/pages\/1937"}],"collection":[{"href":"https:\/\/www.auvergne-enduro.fr\/index.php?rest_route=\/wp\/v2\/pages"}],"about":[{"href":"https:\/\/www.auvergne-enduro.fr\/index.php?rest_route=\/wp\/v2\/types\/page"}],"author":[{"embeddable":true,"href":"https:\/\/www.auvergne-enduro.fr\/index.php?rest_route=\/wp\/v2\/users\/1"}],"replies":[{"embeddable":true,"href":"https:\/\/www.auvergne-enduro.fr\/index.php?rest_route=%2Fwp%2Fv2%2Fcomments&post=1937"}],"version-history":[{"count":7,"href":"https:\/\/www.auvergne-enduro.fr\/index.php?rest_route=\/wp\/v2\/pages\/1937\/revisions"}],"predecessor-version":[{"id":2034,"href":"https:\/\/www.auvergne-enduro.fr\/index.php?rest_route=\/wp\/v2\/pages\/1937\/revisions\/2034"}],"wp:attachment":[{"href":"https:\/\/www.auvergne-enduro.fr\/index.php?rest_route=%2Fwp%2Fv2%2Fmedia&parent=1937"}],"curies":[{"name":"wp","href":"https:\/\/api.w.org\/{rel}","templated":true}]}}